{"id":65,"date":"2016-02-10T14:37:40","date_gmt":"2016-02-10T13:37:40","guid":{"rendered":"http:\/\/www1.montpellier.inra.fr\/wp-inra\/jasminn\/?page_id=65"},"modified":"2020-09-25T12:34:19","modified_gmt":"2020-09-25T11:34:19","slug":"references","status":"publish","type":"page","link":"https:\/\/www1.montpellier.inra.fr\/wp-inra\/jasminn\/references\/","title":{"rendered":"R\u00e9f\u00e9rences"},"content":{"rendered":"<p><strong>10 r\u00e9f\u00e9rences qui ont inspir\u00e9 le projet JASMINN<\/strong><\/p>\n<p>Alter N., 2000. <em>L\u2019Innovation ordinaire<\/em>, Paris\u00a0: PUF.<\/p>\n<p>Alterman, Rachelle. 1997. \u00ab\u00a0The Challenge of Farmland Preservation: Lessons from a Six-Nation Comparison\u00a0\u00bb. <em>Journal of the American Planning Association<\/em> 63 (2): 220\u201143. doi:10.1080\/01944369708975916.<\/p>\n<p>Bengston, David N., Jennifer O. Fletcher, et Kristen C. Nelson. 2004. \u00ab\u00a0Public policies for managing urban growth and protecting open space: policy instruments and lessons learned in the United States\u00a0\u00bb. <em>Landscape and Urban Planning<\/em> 69 (2\u20133): 271\u201186. doi:10.1016\/j.landurbplan.2003.08.007.<\/p>\n<p>Bertrand, Nathalie. 2013. <em>Terres agricoles p\u00e9riurbaines\u202f: une gouvernance fonci\u00e8re en construction<\/em>. Paris: Quae.<\/p>\n<p>Coulomb P., 1997. Syst\u00e8mes fonciers agricoles en M\u00e9diterran\u00e9e : cinq si\u00e8cles de propri\u00e9taires sans Etat, cinq d\u00e9cennies d&#8217;Etat propri\u00e9taire. <em>Options M\u00e9diterran\u00e9ennes : S\u00e9rie A<\/em>, 29: 31-39.<\/p>\n<p>Dissart, Jean-Christophe. 2006. \u00ab\u00a0Protection des espaces agricoles et naturels\u202f: une analyse des outils am\u00e9ricains et fran\u00e7ais\u00a0\u00bb. <em>\u00c9conomie rurale<\/em> n\u00b0 291 (1). https:\/\/www.cairn.info\/resume.php?ID_ARTICLE=EcRU_291_0006.<\/p>\n<p>Jacobs, Harvey M. 1989. \u00ab\u00a0Social equity in agricultural land protection\u00a0\u00bb. <em>Landscape and Urban Planning<\/em> 17 (1): 21\u201133. doi:10.1016\/0169-2046(89)90064-9.<\/p>\n<p>Rawls J., 1971.<em> Th\u00e9orie de la Justice, <\/em>Paris\u00a0: Le Seuil (trad. 1987).<\/p>\n<p>Renard V., 1980. <em>Plans d\u2019urbanisme et justice fonci\u00e8re<\/em>, Paris\u00a0: Presses Universitaires de France.<\/p>\n<p>Sen A., 2011. <em>L\u2019id\u00e9e de justice.<\/em> Paris\u00a0: Flammarion.<\/p>\n<p><strong>10 sites Internet qui inspirent JASMINN<\/strong><\/p>\n<p><a href=\"https:\/\/www.purple-eu.org\" target=\"_blank\" rel=\"noopener noreferrer\">PURPLE<\/a> :\u00a0 un r\u00e9seau de r\u00e9gions europ\u00e9ennes autour des territoires p\u00e9riurbains<\/p>\n<p><a href=\"https:\/\/www.psdr.fr\/\" target=\"_blank\" rel=\"noopener noreferrer\">PSDR <\/a>: &#8220;Pour et Sur le D\u00e9veloppement R\u00e9gional&#8221;, un programme national aux d\u00e9clinaisons r\u00e9gionales<\/p>\n<p><a href=\"https:\/\/www.urbanfoodjustice.org\/\" target=\"_blank\" rel=\"noopener noreferrer\">Urban Food Justice<\/a> : une plateforme sociale qui vient juste d&#8217;\u00eatre cr\u00e9\u00e9e sur l&#8217;agriculture urbaine.<\/p>\n<p><a href=\"https:\/\/rjcfoncier.hypotheses.org\/\" target=\"_blank\" rel=\"noopener noreferrer\">RJCF<\/a> : R\u00e9seau des jeunes chercheurs sur le foncier<\/p>\n<p><a href=\"https:\/\/www.revue-fonciere.com\/\" target=\"_blank\" rel=\"noopener noreferrer\">Revue fonci\u00e8re<\/a> : publication bimestrielle ind\u00e9pendante<\/p>\n<p><a href=\"https:\/\/www.lincolninst.edu\/\" target=\"_blank\" rel=\"noopener noreferrer\">The Lincoln Institute of Land Policy <\/a>: an independent, nonpartisan organization whose mission is to help solve global economic, social, and environmental challenges to improve the quality of life through creative approaches to the use, taxation, and stewardship of land.<\/p>\n<p><a href=\"https:\/\/www.formesdufoncier.org\/index.php\" target=\"_blank\" rel=\"noopener noreferrer\">Observatoire des formes du foncier dans le monde<\/a><\/p>\n<p><a href=\"https:\/\/www.pole-foncier.fr\/\" target=\"_blank\" rel=\"noopener noreferrer\">P\u00f4le foncier de Montpellier<\/a> : P\u00f4le de recherche sur le foncier rural dans les pays du Sud<\/p>\n<p><a href=\"https:\/\/dlc.dlib.indiana.edu\/dlc\/browse?type=subject\" target=\"_blank\" rel=\"noopener noreferrer\">Digital library on the Commons<\/a><\/p>\n<p><a href=\"https:\/\/www.terredeliens.org\/\" target=\"_blank\" rel=\"noopener noreferrer\">Terre de Liens<\/a> : Association fran\u00e7aise d\u2019aide \u00e0 l\u2019acc\u00e8s au foncier pour les agriculteurs<\/p>\n<p><a href=\"http:\/\/www.jssj.org\/\" target=\"_blank\" rel=\"noopener noreferrer\">Justice spatiale &#8211; Spatial Justice<\/a> : Revue scientifique bilingue (fran\u00e7ais \/ anglais) publi\u00e9e sous forme \u00e9lectronique, lieu privil\u00e9gi\u00e9 des d\u00e9bats internationaux sur la justice spatiale dans une perspective pluridisciplinaire.<\/p>\n","protected":false},"excerpt":{"rendered":"<p>10 r\u00e9f\u00e9rences qui ont inspir\u00e9 le projet JASMINN Alter N., 2000. L\u2019Innovation ordinaire, Paris\u00a0: PUF. Alterman, Rachelle. 1997. \u00ab\u00a0The Challenge of Farmland Preservation: Lessons from a Six-Nation Comparison\u00a0\u00bb. Journal of the American Planning Association 63 (2): 220\u201143. doi:10.1080\/01944369708975916. Bengston, David N., Jennifer O. Fletcher, et Kristen C. Nelson. 2004. \u00ab\u00a0Public policies for managing urban growth [&hellip;]<\/p>\n","protected":false},"author":8,"featured_media":199,"parent":0,"menu_order":0,"comment_status":"closed","ping_status":"closed","template":"","meta":{"footnotes":""},"class_list":["post-65","page","type-page","status-publish","has-post-thumbnail","hentry"],"_links":{"self":[{"href":"https:\/\/www1.montpellier.inra.fr\/wp-inra\/jasminn\/wp-json\/wp\/v2\/pages\/65","targetHints":{"allow":["GET"]}}],"collection":[{"href":"https:\/\/www1.montpellier.inra.fr\/wp-inra\/jasminn\/wp-json\/wp\/v2\/pages"}],"about":[{"href":"https:\/\/www1.montpellier.inra.fr\/wp-inra\/jasminn\/wp-json\/wp\/v2\/types\/page"}],"author":[{"embeddable":true,"href":"https:\/\/www1.montpellier.inra.fr\/wp-inra\/jasminn\/wp-json\/wp\/v2\/users\/8"}],"replies":[{"embeddable":true,"href":"https:\/\/www1.montpellier.inra.fr\/wp-inra\/jasminn\/wp-json\/wp\/v2\/comments?post=65"}],"version-history":[{"count":4,"href":"https:\/\/www1.montpellier.inra.fr\/wp-inra\/jasminn\/wp-json\/wp\/v2\/pages\/65\/revisions"}],"predecessor-version":[{"id":418,"href":"https:\/\/www1.montpellier.inra.fr\/wp-inra\/jasminn\/wp-json\/wp\/v2\/pages\/65\/revisions\/418"}],"wp:featuredmedia":[{"embeddable":true,"href":"https:\/\/www1.montpellier.inra.fr\/wp-inra\/jasminn\/wp-json\/wp\/v2\/media\/199"}],"wp:attachment":[{"href":"https:\/\/www1.montpellier.inra.fr\/wp-inra\/jasminn\/wp-json\/wp\/v2\/media?parent=65"}],"curies":[{"name":"wp","href":"https:\/\/api.w.org\/{rel}","templated":true}]}}