{"id":59,"date":"2016-02-10T14:26:43","date_gmt":"2016-02-10T13:26:43","guid":{"rendered":"http:\/\/www1.montpellier.inra.fr\/wp-inra\/jasminn\/?page_id=59"},"modified":"2020-09-25T12:37:59","modified_gmt":"2020-09-25T11:37:59","slug":"champs-daction","status":"publish","type":"page","link":"https:\/\/www1.montpellier.inra.fr\/wp-inra\/jasminn\/champs-daction\/","title":{"rendered":"4 jeunes chercheurs"},"content":{"rendered":"<p><img loading=\"lazy\" decoding=\"async\" class=\"aligncenter size-medium wp-image-186\" src=\"https:\/\/www1.montpellier.inra.fr\/wp-inra\/jasminn\/wp-content\/uploads\/sites\/6\/2016\/02\/4-chercheurs-300x169.jpg\" alt=\"4 chercheurs\" width=\"300\" height=\"169\" srcset=\"https:\/\/www1.montpellier.inra.fr\/wp-inra\/jasminn\/wp-content\/uploads\/sites\/6\/2016\/02\/4-chercheurs-300x169.jpg 300w, https:\/\/www1.montpellier.inra.fr\/wp-inra\/jasminn\/wp-content\/uploads\/sites\/6\/2016\/02\/4-chercheurs-768x432.jpg 768w, https:\/\/www1.montpellier.inra.fr\/wp-inra\/jasminn\/wp-content\/uploads\/sites\/6\/2016\/02\/4-chercheurs-1024x576.jpg 1024w, https:\/\/www1.montpellier.inra.fr\/wp-inra\/jasminn\/wp-content\/uploads\/sites\/6\/2016\/02\/4-chercheurs-624x351.jpg 624w, https:\/\/www1.montpellier.inra.fr\/wp-inra\/jasminn\/wp-content\/uploads\/sites\/6\/2016\/02\/4-chercheurs.jpg 1632w\" sizes=\"auto, (max-width: 300px) 100vw, 300px\" \/><\/p>\n<p style=\"text-align: justify\"><strong>Coline PERRIN est la coordinatrice du projet JASMINN. <\/strong>Elle est charg\u00e9e de recherche en g\u00e9ographie \u00e0 l\u2019UMR Innovation, \u00e0 Montpellier, depuis 2010, apr\u00e8s une th\u00e8se sur la gestion du foncier agricole par les documents locaux d\u2019urbanisme en Provence (France) et en Toscane (Italie) depuis les ann\u00e9es 1950.<\/p>\n<p style=\"text-align: justify\">Dans JASMINN, Coline Perrin <strong>s\u2019int\u00e9resse en particulier aux interventions publiques sur le foncier agricole non b\u00e2ti<\/strong><strong>. <\/strong><\/p>\n<p style=\"text-align: justify\">En France, en Italie et en Alg\u00e9rie, les <strong>zonages<\/strong> sont les instruments privil\u00e9gi\u00e9s de r\u00e9gulation de l\u2019urbanisation. Cet urbanisme r\u00e9glementaire, fond\u00e9 sur une dichotomie entre l\u2019urbain et le rural, ne parvient pas toujours \u00e0 \u00e9viter le mitage des terres agricoles. Les documents d\u2019urbanisme sont souvent instables et ils cr\u00e9ent des in\u00e9galit\u00e9s entre individus\u00a0: entre propri\u00e9taires dont les terres se trouvent d\u2019un c\u00f4t\u00e9 ou de l\u2019autre de la ligne d\u00e9limitant les espaces constructibles, sans possibilit\u00e9 de compensation financi\u00e8re, ou lorsque des r\u00e9sidents r\u00e9cemment install\u00e9s contribuent \u00e0 sanctuariser certains espaces agricoles, moins pour d\u00e9fendre l\u2019activit\u00e9 agricole, que pour pr\u00e9server la valeur de leurs propri\u00e9t\u00e9s et leur cadre de vie, face \u00e0 des usages non d\u00e9sir\u00e9s des espaces p\u00e9riurbains (Darly, Torre, 2013), voire pour entretenir un exclusivisme social (Charmes, 2011). Le projet JASMINN permettra donc d\u2019analyser les <strong>politiques de planification par zonage<\/strong> sous cet angle de la justice\u00a0: les in\u00e9galit\u00e9s sociales sont-elles prises en compte lors de leur \u00e9laboration\u00a0? Quels compromis entre acteurs locaux r\u00e9v\u00e8lent les documents approuv\u00e9s\u00a0?<\/p>\n<p style=\"text-align: justify\">D\u2019autres formes d\u2019interventions fonci\u00e8res publiques seront \u00e9galement analys\u00e9es, comme les <strong>interventions sur le march\u00e9 foncier (pr\u00e9emption, acquisition) ou l\u2019am\u00e9nagement et la mise \u00e0 disposition de terres publiques \u00e0 des agriculteurs<\/strong>. Ces formes d\u2019actions publiques, plus ou moins nouvelles, compl\u00e8tent les documents d\u2019urbanisme et posent \u00e9galement des questions de justice sociale\u00a0: certains types d\u2019agriculteurs ou d\u2019agriculture sont-ils privil\u00e9gi\u00e9s\u00a0? Au nom de quoi\u00a0?<\/p>\n<p style=\"text-align: justify\">\n<p style=\"text-align: justify\"><strong>Brigitte Nougar\u00e8des est ing\u00e9nieure d&#8217;\u00e9tudes<\/strong> et membre de l&#8217;UMR Innovation depuis sa cr\u00e9ation. Ses travaux de recherche sur <strong>la gestion du b\u00e2ti agricole p\u00e9riurbain<\/strong>, amorc\u00e9s dans l&#8217;H\u00e9rault il y a 10 ans, ont donn\u00e9 lieu \u00e0 sa <strong>th\u00e8se de sociologie<\/strong>.<\/p>\n<p style=\"text-align: justify\">Dans JASMINN, Brigitte Nougar\u00e8des s&#8217;int\u00e9ressera donc plus particuli\u00e8rement \u00e0 <strong>la gestion sociale et spatiale du b\u00e2ti agricole en p\u00e9riurbain<\/strong>.<\/p>\n<p style=\"text-align: justify\">\u00c9l\u00e9ment essentiel au maintien, au d\u00e9veloppement et \u00e0 la modernisation agricole, le b\u00e2ti agricole a souvent b\u00e9n\u00e9fici\u00e9 de r\u00e8gles sp\u00e9cifiques en termes d\u2019urbanisme (d\u00e9rogations \u00a0de droits \u00e0 b\u00e2tir en zone agricole pour les agriculteurs notamment). Ce statut d\u2019exception a permis aux exploitations de se d\u00e9velopper mais a \u00e9galement contribu\u00e9 \u00e0 la consommation et au mitage des espaces agricoles (Madeline, 2006)\u00a0: aux besoins constants de constructions li\u00e9s \u00e0 \u00a0la transmission et \u00e0 la modernisation des exploitations agricoles, se sont ajout\u00e9s des abus de la profession agricoles et des \u00ab\u00a0faux projets agricoles\u00a0\u00bb (Nougar\u00e8des, 2013). Confront\u00e9s \u00e0 ces ph\u00e9nom\u00e8nes, l\u2019Etat a modifi\u00e9 la r\u00e8glementation et certaines collectivit\u00e9s locales ont rendu les zones agricoles des plans d\u2019urbanisme totalement inconstructibles, ce qui a engendr\u00e9 des conflits avec la profession agricole. Pour compenser la r\u00e9duction des droits \u00e0 b\u00e2tir par la l\u00e9gislation, des modalit\u00e9s innovantes de gestion du b\u00e2ti agricole ont \u00e9t\u00e9 mises en place bas\u00e9es notamment sur le regroupement des constructions agricoles dans des lotissements agricoles (Nougar\u00e8des 2011). Ces nouvelles r\u00e8gles ont introduit des in\u00e9galit\u00e9s d\u2019acc\u00e8s au foncier constructible et au logement entre agriculteurs et entre les agriculteurs et les autres habitants et interrogent directement des enjeux de justice sociale en termes d\u2019acc\u00e8s au logement ou au foncier constructible entre agriculteurs et entre les agriculteurs et les autres habitants.<\/p>\n<p style=\"text-align: justify\">JASMINN sera l\u2019occasion d\u2019analyser de mani\u00e8re approfondie ces enjeux de justice dans la gestion socio-spatiale du b\u00e2ti agricole en s\u2019appuyant sur une <strong>comparaison des cadres l\u00e9gislatifs<\/strong> <strong>et des innovations entre les terrains fran\u00e7ais et italien via une analyse fine de leur mise en \u0153uvre portant sur les syst\u00e8mes de gouvernance, les jeux de n\u00e9gociation, les cons\u00e9quences en termes d\u2019in\u00e9galit\u00e9 et le v\u00e9cu des divers acteurs concern\u00e9s<\/strong>.<\/p>\n<p style=\"text-align: justify\">\n<p style=\"text-align: justify\"><strong>Camille CLEMENT a \u00e9t\u00e9 embauch\u00e9e comme post-doctorante<\/strong> <strong>dans le cadre du projet JASMINN<\/strong>. Apr\u00e8s avoir \u00e9tudi\u00e9 la publicisation des espaces agricoles p\u00e9riurbains dans sa th\u00e8se de g\u00e9ographie soutenue en 2012, elle a \u00e9t\u00e9 ATER pendant deux ans (Universit\u00e9 d\u2019Artois) puis charg\u00e9e d\u2019enseignement et de recherche \u00e0 l\u2019ISARA-Lyon.<\/p>\n<p style=\"text-align: justify\">Dans JASMINN, Camille CLEMENT a \u00e9tudi\u00e9 les <strong>arrangements sociaux-spatiaux et les initiatives priv\u00e9es (individuelles et collectives) sur le foncier agricole non b\u00e2ti <\/strong>autour de Montpellier, et elle a con\u00e7u un jeu de r\u00f4le (<em>serious game<\/em>) &#8220;Terre en Jeu&#8221; pour en rendre compte. <a href=\"https:\/\/www1.montpellier.inra.fr\/wp-inra\/jasminn\/jeu-de-role\/\">Pour en savoir plus sur ce jeu.<\/a>\n<\/p>\n<p style=\"text-align: justify\">Son hypoth\u00e8se centrale est que le foncier agricole priv\u00e9 est en partie g\u00e9r\u00e9 par des formes de contrats, \u00e9crits ou oraux qui permettent \u00e0 plusieurs partis de se mettre d\u2019accord\u00a0: des arrangements socio-spatiaux entre acteurs (Robineau, 2015). Ces arrangements socio-spatiaux sont peu visibles. Il peut, par exemple, s&#8217;agir de pr\u00eats de parcelles de viticulteurs \u00e0 des c\u00e9r\u00e9aliers, arrangement t\u00e9moignant des formes &#8220;d&#8217;agricultures nomades&#8221; (Soulard, 2014) en p\u00e9riurbain. Il peut \u00e9galement s&#8217;agir de l&#8217;occupation d&#8217;espaces marginaux dans les exploitations agricoles p\u00e9riurbaines par des chevaux de loisirs (Vial et al. 2011) ou des ruchers. Elle s&#8217;int\u00e9resse \u00e9galement aux zones de p\u00e2tures sur des espaces &#8220;d\u00e9laiss\u00e9s&#8221; comme les digues.<\/p>\n<p style=\"text-align: justify\">Le projet JASMINN permettra d\u2019\u00e9tudier le caract\u00e8re innovant de ces arrangements et leurs impacts sur les sentiments d\u2019injustices ressenties par les propri\u00e9taires et les agriculteurs. Quel est le contenu et le fonctionnement de ces arrangements\u00a0? Contribuent-ils \u00e0 renforcer ou \u00e0 amoindrir les sentiments d\u2019injustices\u00a0? Aupr\u00e8s de qui\u00a0? Pourquoi et \u00e0 quelles conditions ont-ils vu le jour?<\/p>\n<p style=\"text-align: justify\">Cette \u00e9tude des arrangements socio-spatiaux permettra \u00e9galement de saisir l&#8217;organisation fonci\u00e8re priv\u00e9e du terrain montpelli\u00e9rain en r\u00e9alisant des sortes de monographies de deux communes p\u00e9riurbaines. Qui sont les propri\u00e9taires fonciers? Comment s&#8217;organise le parcellaire?<\/p>\n<p style=\"text-align: justify\">Camille CLEMENT et Coline PERRIN \u00e9tudieront \u00e9galement les actions collectives et associatives qui s\u2019organisent autour de la gestion et de la pr\u00e9servation du foncier agricole face \u00e0 l\u2019urbanisation (Terres de Liens, ASA, etc.). Le projet JASMINN permettra d\u2019\u00e9valuer le caract\u00e8re innovant de ces initiatives et leur influence sur les politiques locales de gestion et de protection du foncier agricole.<\/p>\n<p style=\"text-align: justify\"><strong>\u00a0<\/strong><\/p>\n<p style=\"text-align: justify\"><strong>Romain MELOT<\/strong> est <strong>charg\u00e9 de recherche en sociologie<\/strong> \u00e0 l&#8217;Universit\u00e9 Paris Saclay, Unit\u00e9 Inra-Sadapt.<\/p>\n<p style=\"text-align: justify;margin: 0px\"><strong>Dans JASMINN, Romain Melot \u00e9tudie avec Brigitte Nougar\u00e8des<\/strong> les instances charg\u00e9es du suivi, de la r\u00e9gulation et de la concertation autour du foncier agricole.<\/p>\n<p style=\"text-align: justify;margin: 0px\">Ses travaux traitent principalement de la question du foncier et des droits de propri\u00e9t\u00e9. Il a d\u00e9velopp\u00e9 des recherches qui observent de mani\u00e8re transversale ces enjeux, aussi bien sur le plan de la mise en \u0153uvre du droit administratif (contentieux de l\u2019urbanisme et de l\u2019environnement, pratiques r\u00e9glementaires en mati\u00e8re de planification) que sur le plan des litiges de droit priv\u00e9 (contentieux du bail et de l\u2019expropriation).<\/p>\n<p style=\"text-align: justify;margin: 0px\">Un travail sp\u00e9cifique est men\u00e9 sur les commissions d\u00e9partementales de consommation des espaces agricoles (devenues commissions d\u00e9partementales de pr\u00e9servation des espaces agricoles, naturels et forestiers en 2015). Les commissions de pr\u00e9servation ont pour mission d\u2019examiner l\u2019impact des documents d\u2019urbanisme et des demandes de permis de construire en zone agricole sur l\u2019artificialisation des espaces agricoles ce qui permet d\u2019explorer la question de la distribution des droits \u00e0 construire.<\/p>\n<p style=\"text-align: justify;margin: 0px\">En d\u00e9finitive, le projet de recherche vise \u00e0 explorer trois dimensions de l\u2019activit\u00e9 des commissions\u00a0: la nature des projets litigieux, les caract\u00e9ristiques des d\u00e9cisions faisant l\u2019objet d\u2019observations, enfin les modalit\u00e9s d\u2019argumentation retenues par les commissions \u00e0 l\u2019appui de leurs observations. Par cons\u00e9quent, l\u2019\u00e9tude offrira des informations \u00e0 la fois sur la demande locale (des agriculteurs ou des non agriculteurs) en mati\u00e8re de droits \u00e0 construire, sur les pratiques de r\u00e9glementation des collectivit\u00e9s pour faire face \u00e0 cette demande, ainsi que sur la doctrine \u00e9labor\u00e9e par les commissions pour examiner les d\u00e9cisions des collectivit\u00e9s.<\/p>\n","protected":false},"excerpt":{"rendered":"<p>Coline PERRIN est la coordinatrice du projet JASMINN. Elle est charg\u00e9e de recherche en g\u00e9ographie \u00e0 l\u2019UMR Innovation, \u00e0 Montpellier, depuis 2010, apr\u00e8s une th\u00e8se sur la gestion du foncier agricole par les documents locaux d\u2019urbanisme en Provence (France) et en Toscane (Italie) depuis les ann\u00e9es 1950. Dans JASMINN, Coline Perrin s\u2019int\u00e9resse en particulier aux [&hellip;]<\/p>\n","protected":false},"author":8,"featured_media":198,"parent":0,"menu_order":0,"comment_status":"closed","ping_status":"closed","template":"","meta":{"footnotes":""},"class_list":["post-59","page","type-page","status-publish","has-post-thumbnail","hentry"],"_links":{"self":[{"href":"https:\/\/www1.montpellier.inra.fr\/wp-inra\/jasminn\/wp-json\/wp\/v2\/pages\/59","targetHints":{"allow":["GET"]}}],"collection":[{"href":"https:\/\/www1.montpellier.inra.fr\/wp-inra\/jasminn\/wp-json\/wp\/v2\/pages"}],"about":[{"href":"https:\/\/www1.montpellier.inra.fr\/wp-inra\/jasminn\/wp-json\/wp\/v2\/types\/page"}],"author":[{"embeddable":true,"href":"https:\/\/www1.montpellier.inra.fr\/wp-inra\/jasminn\/wp-json\/wp\/v2\/users\/8"}],"replies":[{"embeddable":true,"href":"https:\/\/www1.montpellier.inra.fr\/wp-inra\/jasminn\/wp-json\/wp\/v2\/comments?post=59"}],"version-history":[{"count":18,"href":"https:\/\/www1.montpellier.inra.fr\/wp-inra\/jasminn\/wp-json\/wp\/v2\/pages\/59\/revisions"}],"predecessor-version":[{"id":421,"href":"https:\/\/www1.montpellier.inra.fr\/wp-inra\/jasminn\/wp-json\/wp\/v2\/pages\/59\/revisions\/421"}],"wp:featuredmedia":[{"embeddable":true,"href":"https:\/\/www1.montpellier.inra.fr\/wp-inra\/jasminn\/wp-json\/wp\/v2\/media\/198"}],"wp:attachment":[{"href":"https:\/\/www1.montpellier.inra.fr\/wp-inra\/jasminn\/wp-json\/wp\/v2\/media?parent=59"}],"curies":[{"name":"wp","href":"https:\/\/api.w.org\/{rel}","templated":true}]}}