{"id":53,"date":"2016-02-10T14:15:26","date_gmt":"2016-02-10T13:15:26","guid":{"rendered":"http:\/\/www1.montpellier.inra.fr\/wp-inra\/jasminn\/?page_id=53"},"modified":"2020-09-25T13:56:38","modified_gmt":"2020-09-25T12:56:38","slug":"projet","status":"publish","type":"page","link":"https:\/\/www1.montpellier.inra.fr\/wp-inra\/jasminn\/projet\/","title":{"rendered":"Projet"},"content":{"rendered":"<p style=\"text-align: justify\">Financ\u00e9 par l\u2019ANR dans le cadre de son programme \u00ab jeunes chercheurs \u00bb, le projet JASMINN (2015-2019) s\u2019int\u00e9resse \u00e0 la protection du foncier agricole face \u00e0 l\u2019urbanisation. Les activit\u00e9s de recherche portent sur les <strong>politiques publiques de planification et de gestion du foncier et b\u00e2ti agricoles<\/strong>, les actions collectives, ou encore <strong>les arrangements entre agriculteurs et propri\u00e9taires<\/strong>. Le projet JASMINN s\u2019attache en particulier \u00e0 comprendre les in\u00e9galit\u00e9s sociales li\u00e9es \u00e0 la gestion du foncier agricole, les sentiments d\u2019injustice ressentis par les acteurs, et les strat\u00e9gies, individuelles ou collectives pour y r\u00e9pondre. Les mesures de protection du foncier agricole ont en effet des cons\u00e9quences sur les prix des terres, sur les possibilit\u00e9s de construction ou encore d\u2019installation de jeunes agriculteurs en p\u00e9riurbain. Elles posent des questions de justice dans l\u2019acc\u00e8s \u00e0 la terre, au droit \u00e0 b\u00e2tir ou au logement entre diff\u00e9rentes cat\u00e9gories sociales. Le projet JASMINN se propose de construire un cadre th\u00e9orique issu des travaux sur la <strong>justice sociale et spatiale<\/strong> et les <em>commons<\/em> pour \u00e9tudier ces enjeux de justice li\u00e9s \u00e0 la protection du foncier agricole p\u00e9riurbain. Ce cadre th\u00e9orique in\u00e9dit nous permettra d\u2019analyser les dispositifs actuels de protection et des alternatives \u00e9mergentes, que nous qualifions <strong>d\u2019innovations fonci\u00e8res<\/strong>. Le projet pr\u00e9voit d\u2019inventorier et de comparer ces innovations, afin d\u2019\u00e9valuer leur capacit\u00e9 \u00e0 prot\u00e9ger le foncier et leurs cons\u00e9quences sur les in\u00e9galit\u00e9s sociales.<\/p>\n<p style=\"text-align: justify\">La <strong>zone m\u00e9diterran\u00e9enne<\/strong> offre un terrain particuli\u00e8rement int\u00e9ressant pour \u00e9tudier ces enjeux car elle connait une forte urbanisation, notamment dans les plaines littorales qui concentrent les meilleures terres agricoles. Les trois terrains du projet JASMINN sont <strong>la r\u00e9gion de Montpellier en France<\/strong> (terrain principal), la r\u00e9gion <strong>de Rome en Italie<\/strong> compl\u00e9t\u00e9e par Milan, un terrain secondaire pour l\u2019\u00e9quipe italienne, et un terrain en <strong>Alg\u00e9rie<\/strong> plus \u00e9loign\u00e9 de la ville mais qui interroge directement les politiques nationales de mise \u00e0 disposition de foncier agricole (voir la partie \u00ab\u00a0terrain\u00a0\u00bb). <a href=\"https:\/\/www1.montpellier.inra.fr\/wp-inra\/jasminn\/terrains\/\">En savoir plus sur les terrains&#8230;<\/a><\/p>\n<p style=\"text-align: justify\">Le projet JASMINN est port\u00e9 \u00e0 l\u2019UMR Innovation par une \u00e9quipe INRA de quatre jeunes chercheurs ayant des comp\u00e9tences en <strong>g\u00e9ographie, sociologie et droit<\/strong>. Cette jeune \u00e9quipe est \u00e9paul\u00e9e par un comit\u00e9 de suivi interdisciplinaire et international et par un partenariat avec deux institutions \u00e9trang\u00e8res\u00a0: le CRA (<em>consiglio per la ricerca e la sperimentazione in agricultura<\/em>) de Rome et l\u2019ENSA (Ecole nationale sup\u00e9rieur d\u2019agronomie) d\u2019Alger. L\u2019objectif principal du projet est de produire des publications scientifiques permettant de valoriser les r\u00e9sultats originaux du projet. Pour ce faire, il est organis\u00e9 en 6 t\u00e2ches. <a href=\"https:\/\/www1.montpellier.inra.fr\/wp-inra\/jasminn\/champs-daction\/\">En savoir plus sur les 4 jeunes chercheurs porteurs du projet JASMINN&#8230;<\/a><\/p>\n<p><strong>\u00a0<a href=\"https:\/\/www1.montpellier.inra.fr\/wp-inra\/jasminn\/wp-content\/uploads\/sites\/6\/2020\/09\/cercle.png\"><img loading=\"lazy\" decoding=\"async\" class=\"size-medium wp-image-432 aligncenter\" src=\"https:\/\/www1.montpellier.inra.fr\/wp-inra\/jasminn\/wp-content\/uploads\/sites\/6\/2020\/09\/cercle-300x260.png\" alt=\"\" width=\"300\" height=\"260\" srcset=\"https:\/\/www1.montpellier.inra.fr\/wp-inra\/jasminn\/wp-content\/uploads\/sites\/6\/2020\/09\/cercle-300x260.png 300w, https:\/\/www1.montpellier.inra.fr\/wp-inra\/jasminn\/wp-content\/uploads\/sites\/6\/2020\/09\/cercle-768x664.png 768w, https:\/\/www1.montpellier.inra.fr\/wp-inra\/jasminn\/wp-content\/uploads\/sites\/6\/2020\/09\/cercle-624x540.png 624w, https:\/\/www1.montpellier.inra.fr\/wp-inra\/jasminn\/wp-content\/uploads\/sites\/6\/2020\/09\/cercle.png 816w\" sizes=\"auto, (max-width: 300px) 100vw, 300px\" \/><\/a><\/strong><\/p>\n<p style=\"text-align: justify\"><strong>T\u00e2che 1\u00a0: Etat de l\u2019art et construction d\u2019un cadre d\u2019analyse<\/strong><\/p>\n<p style=\"text-align: justify\">Cette t\u00e2che correspond \u00e0 la construction de notre cadre th\u00e9orique. Des revues de litt\u00e9rature francophone et anglophone ont \u00e9t\u00e9 r\u00e9alis\u00e9es sur les th\u00e8mes de la justice sociale et spatiale en lien avec le foncier agricole, et sur la pr\u00e9servation du foncier agricole face \u00e0 la dynamique urbaine. Plusieurs articles et communications valorisent d\u00e9j\u00e0 et valoriseront ces revues de litt\u00e9rature. <a href=\"https:\/\/www1.montpellier.inra.fr\/wp-inra\/jasminn\/references\/\">Pour en savoir plus sur les r\u00e9f\u00e9rences&#8230;<\/a> <a href=\"https:\/\/www1.montpellier.inra.fr\/wp-inra\/jasminn\/resultats\/\">Pour en savoir plus sur les r\u00e9sultats&#8230;<\/a><\/p>\n<p style=\"text-align: justify\"><strong>T\u00e2che 2\u00a0: Diagnostics par terrain et enjeux locaux de justice dans la protection fonci\u00e8re<\/strong><\/p>\n<p style=\"text-align: justify\">Le but de cette t\u00e2che est de mieux connaitre les terrains d\u2019\u00e9tude du projet en construisant un diagnostic par terrain avec la m\u00eame m\u00e9thodologie. Ces diagnostics permettront\u00a0notamment d\u2019expliciter les enjeux locaux de justice dans la protection du foncier. Ils nous permettront aussi de s\u00e9lectionner les sites d\u2019\u00e9tude \u00e0 approfondir, car particuli\u00e8rement innovants. Enfin, la mutualisation de ces diagnostics nous permettra d\u2019identifier des enjeux transversaux entre les terrains. <a href=\"https:\/\/www1.montpellier.inra.fr\/wp-inra\/jasminn\/terrains\/\">Pour en savoir plus sur les terrains&#8230;<\/a><\/p>\n<p style=\"text-align: justify\"><strong>T\u00e2che 3\u00a0: Inventaire et typologie d\u2019innovations fonci\u00e8res<\/strong><\/p>\n<p style=\"text-align: justify\">Cette t\u00e2che vise \u00e0 rep\u00e9rer les innovations relatives \u00e0 la protection ou \u00e0 la gestion du foncier et du b\u00e2ti agricoles en p\u00e9riurbain sur les trois terrains, \u00e0 en constituer un corpus unifi\u00e9, \u00e0 caract\u00e9riser diff\u00e9rents types d\u2019innovations fonci\u00e8res et \u00e0 identifier les innovations int\u00e9ressantes du point de vue de la justice. Pour cela, un corpus d\u2019innovations fonci\u00e8res est constitu\u00e9 et une grille d\u2019\u00e9valuation multicrit\u00e8res a \u00e9t\u00e9 \u00e9labor\u00e9e afin de comparer ces innovations \u00e0 l\u2019aide de la m\u00e9thode QCA (<em>qualitative comparative analysis<\/em>). <a href=\"https:\/\/www1.montpellier.inra.fr\/wp-inra\/jasminn\/innovations-foncieres\/\">Pour en savoir plus sur les innovations fonci\u00e8res&#8230;<\/a><\/p>\n<p style=\"text-align: justify\"><strong>T\u00e2che 4\u00a0: Analyser des trajectoires d\u2019innovations fonci\u00e8res au regard des enjeux de justice<\/strong><\/p>\n<p style=\"text-align: justify\">Cette t\u00e2che permettra d\u2019\u00e9tudier une s\u00e9rie d\u2019innovations concernant le foncier non b\u00e2ti (1), le b\u00e2ti agricole (2), les arrangements fonciers (3) et les instances de r\u00e9gulation (4). Ce sont les quatre champs d\u2019action que nous avons identifi\u00e9s comme \u00e9tant facteur d\u2019innovations dans la protection et la gestion du foncier agricole. Des monographies d\u2019innovation seront r\u00e9alis\u00e9es pour chaque champ d\u2019action et pour chaque terrain. <a href=\"https:\/\/www1.montpellier.inra.fr\/wp-inra\/jasminn\/champs-daction\/\">Pour en savoir plus sur ces champs d&#8217;action&#8230;<\/a><\/p>\n<p style=\"text-align: justify\"><strong>T\u00e2che 5\u00a0: Territorialisation des innovations fonci\u00e8res, contribution au d\u00e9veloppement durable<\/strong><\/p>\n<p style=\"text-align: justify\">Cette t\u00e2che vise l\u2019\u00e9tude des articulations entre innovations sur des territoires \u00e0 s\u00e9lectionner dans les premiers temps du projet. Nous faisons l\u2019hypoth\u00e8se que certaines configurations de territoire seraient plus propices \u00e0 l\u2019\u00e9mergence ou \u00e0 la synergie entre innovations fonci\u00e8res.<\/p>\n<p style=\"text-align: justify\"><strong>T\u00e2che 6\u00a0: Coordination et valorisation du projet<\/strong><\/p>\n<p style=\"text-align: justify\">Cette t\u00e2che assurera la valorisation et le bon d\u00e9roulement du projet, en particulier le suivi des publications pr\u00e9vues, l\u2019organisation d\u2019un s\u00e9minaire par an r\u00e9unissant les chercheurs du projet et le comit\u00e9 de suivi, la valorisation et la diffusion des r\u00e9sultats aupr\u00e8s d\u2019un public plus large de praticiens, d\u2019agriculteurs et d\u2019habitants.<\/p>\n","protected":false},"excerpt":{"rendered":"<p>Financ\u00e9 par l\u2019ANR dans le cadre de son programme \u00ab jeunes chercheurs \u00bb, le projet JASMINN (2015-2019) s\u2019int\u00e9resse \u00e0 la protection du foncier agricole face \u00e0 l\u2019urbanisation. Les activit\u00e9s de recherche portent sur les politiques publiques de planification et de gestion du foncier et b\u00e2ti agricoles, les actions collectives, ou encore les arrangements entre agriculteurs [&hellip;]<\/p>\n","protected":false},"author":8,"featured_media":200,"parent":0,"menu_order":0,"comment_status":"closed","ping_status":"closed","template":"","meta":{"footnotes":""},"class_list":["post-53","page","type-page","status-publish","has-post-thumbnail","hentry"],"_links":{"self":[{"href":"https:\/\/www1.montpellier.inra.fr\/wp-inra\/jasminn\/wp-json\/wp\/v2\/pages\/53","targetHints":{"allow":["GET"]}}],"collection":[{"href":"https:\/\/www1.montpellier.inra.fr\/wp-inra\/jasminn\/wp-json\/wp\/v2\/pages"}],"about":[{"href":"https:\/\/www1.montpellier.inra.fr\/wp-inra\/jasminn\/wp-json\/wp\/v2\/types\/page"}],"author":[{"embeddable":true,"href":"https:\/\/www1.montpellier.inra.fr\/wp-inra\/jasminn\/wp-json\/wp\/v2\/users\/8"}],"replies":[{"embeddable":true,"href":"https:\/\/www1.montpellier.inra.fr\/wp-inra\/jasminn\/wp-json\/wp\/v2\/comments?post=53"}],"version-history":[{"count":18,"href":"https:\/\/www1.montpellier.inra.fr\/wp-inra\/jasminn\/wp-json\/wp\/v2\/pages\/53\/revisions"}],"predecessor-version":[{"id":433,"href":"https:\/\/www1.montpellier.inra.fr\/wp-inra\/jasminn\/wp-json\/wp\/v2\/pages\/53\/revisions\/433"}],"wp:featuredmedia":[{"embeddable":true,"href":"https:\/\/www1.montpellier.inra.fr\/wp-inra\/jasminn\/wp-json\/wp\/v2\/media\/200"}],"wp:attachment":[{"href":"https:\/\/www1.montpellier.inra.fr\/wp-inra\/jasminn\/wp-json\/wp\/v2\/media?parent=53"}],"curies":[{"name":"wp","href":"https:\/\/api.w.org\/{rel}","templated":true}]}}