{"id":212,"date":"2016-04-01T10:50:38","date_gmt":"2016-04-01T09:50:38","guid":{"rendered":"https:\/\/www1.montpellier.inra.fr\/wp-inra\/jasminn\/?page_id=212"},"modified":"2016-04-01T10:50:38","modified_gmt":"2016-04-01T09:50:38","slug":"droits-dauteurs-du-site","status":"publish","type":"page","link":"https:\/\/www1.montpellier.inra.fr\/wp-inra\/jasminn\/droits-dauteurs-du-site\/","title":{"rendered":"Droits d&#8217;auteurs du site"},"content":{"rendered":"<p>L&#8217;ensemble des photographies du site JASMINN sont la propri\u00e9t\u00e9 exclusive de leurs auteurs, principalement Coline Perrin et Camille Cl\u00e9ment, non libre de droit, elles s&#8217;inscrivent \u00e0 l&#8217;article L112-1 du Code de la propri\u00e9t\u00e9 intellectuelle.<\/p>\n<p>Le site Internet, g\u00e9r\u00e9 par WordPress, est accueilli par l&#8217;INRA de Montpellier qui en assure une partie de la maintenance.<\/p>\n<p>La reproduction de tout ou partie du contenu du site est r\u00e9serv\u00e9e \u00e0 ses auteurs ou devra faire explicitement r\u00e9f\u00e9rence au site (http:\/\/www1.montpellier.inra.fr\/wp-inra\/jasminn\/) et \u00e0 ses auteurs (Camille Cl\u00e9ment et Coline Perrin).<\/p>\n","protected":false},"excerpt":{"rendered":"<p>L&#8217;ensemble des photographies du site JASMINN sont la propri\u00e9t\u00e9 exclusive de leurs auteurs, principalement Coline Perrin et Camille Cl\u00e9ment, non libre de droit, elles s&#8217;inscrivent \u00e0 l&#8217;article L112-1 du Code de la propri\u00e9t\u00e9 intellectuelle. Le site Internet, g\u00e9r\u00e9 par WordPress, est accueilli par l&#8217;INRA de Montpellier qui en assure une partie de la maintenance. La [&hellip;]<\/p>\n","protected":false},"author":8,"featured_media":0,"parent":0,"menu_order":0,"comment_status":"closed","ping_status":"closed","template":"","meta":{"footnotes":""},"class_list":["post-212","page","type-page","status-publish","hentry"],"_links":{"self":[{"href":"https:\/\/www1.montpellier.inra.fr\/wp-inra\/jasminn\/wp-json\/wp\/v2\/pages\/212","targetHints":{"allow":["GET"]}}],"collection":[{"href":"https:\/\/www1.montpellier.inra.fr\/wp-inra\/jasminn\/wp-json\/wp\/v2\/pages"}],"about":[{"href":"https:\/\/www1.montpellier.inra.fr\/wp-inra\/jasminn\/wp-json\/wp\/v2\/types\/page"}],"author":[{"embeddable":true,"href":"https:\/\/www1.montpellier.inra.fr\/wp-inra\/jasminn\/wp-json\/wp\/v2\/users\/8"}],"replies":[{"embeddable":true,"href":"https:\/\/www1.montpellier.inra.fr\/wp-inra\/jasminn\/wp-json\/wp\/v2\/comments?post=212"}],"version-history":[{"count":1,"href":"https:\/\/www1.montpellier.inra.fr\/wp-inra\/jasminn\/wp-json\/wp\/v2\/pages\/212\/revisions"}],"predecessor-version":[{"id":214,"href":"https:\/\/www1.montpellier.inra.fr\/wp-inra\/jasminn\/wp-json\/wp\/v2\/pages\/212\/revisions\/214"}],"wp:attachment":[{"href":"https:\/\/www1.montpellier.inra.fr\/wp-inra\/jasminn\/wp-json\/wp\/v2\/media?parent=212"}],"curies":[{"name":"wp","href":"https:\/\/api.w.org\/{rel}","templated":true}]}}