{"id":208,"date":"2016-04-01T10:17:57","date_gmt":"2016-04-01T09:17:57","guid":{"rendered":"https:\/\/www1.montpellier.inra.fr\/wp-inra\/jasminn\/?page_id=208"},"modified":"2020-09-25T08:47:12","modified_gmt":"2020-09-25T07:47:12","slug":"actualites","status":"publish","type":"page","link":"https:\/\/www1.montpellier.inra.fr\/wp-inra\/jasminn\/actualites\/","title":{"rendered":"Actualit\u00e9s"},"content":{"rendered":"<h2><strong>C\u00f4t\u00e9 publications<br \/>\n<\/strong><\/h2>\n<p><strong>Le livre issu de JASMINN est paru ! <\/strong>Perrin C., Nougar\u00e8des B. 2020, Le foncier agricole dans une soci\u00e9t\u00e9 urbaine : innovations et enjeux de justice. Card\u00e8re, 360 p. Voici le <a href=\"https:\/\/umr-innovation.cirad.fr\/content\/download\/132222\/738752\/version\/1\/file\/2020_Perrin+Nougaredes_Cardere.pdf\">flyer de pr\u00e9sentation.<\/a> Vous pouvez avoir un aper\u00e7u plus complet du contenu sur le site de l&#8217;\u00e9diteur <a href=\"https:\/\/cardere.fr\/agriculture-environnement\/158-le-foncier-agricole-dans-une-societe-urbaine-978237649111.html\">Card\u00e8re<\/a> (et le commander !).<\/p>\n<p><a href=\"https:\/\/www1.montpellier.inra.fr\/wp-inra\/jasminn\/wp-content\/uploads\/sites\/6\/2020\/09\/Foncier-Une.png\"><img loading=\"lazy\" decoding=\"async\" class=\"alignnone size-medium wp-image-413\" src=\"https:\/\/www1.montpellier.inra.fr\/wp-inra\/jasminn\/wp-content\/uploads\/sites\/6\/2020\/09\/Foncier-Une-209x300.png\" alt=\"\" width=\"209\" height=\"300\" srcset=\"https:\/\/www1.montpellier.inra.fr\/wp-inra\/jasminn\/wp-content\/uploads\/sites\/6\/2020\/09\/Foncier-Une-209x300.png 209w, https:\/\/www1.montpellier.inra.fr\/wp-inra\/jasminn\/wp-content\/uploads\/sites\/6\/2020\/09\/Foncier-Une-715x1024.png 715w, https:\/\/www1.montpellier.inra.fr\/wp-inra\/jasminn\/wp-content\/uploads\/sites\/6\/2020\/09\/Foncier-Une-768x1101.png 768w, https:\/\/www1.montpellier.inra.fr\/wp-inra\/jasminn\/wp-content\/uploads\/sites\/6\/2020\/09\/Foncier-Une-624x894.png 624w, https:\/\/www1.montpellier.inra.fr\/wp-inra\/jasminn\/wp-content\/uploads\/sites\/6\/2020\/09\/Foncier-Une.png 1030w\" sizes=\"auto, (max-width: 209px) 100vw, 209px\" \/><\/a><\/p>\n<p><strong>Un article issu de JASMINN re\u00e7oit le prix du &#8220;best paper&#8221;.<\/strong>\u00a0 L&#8217;article de Coline Perrin et Brigitte Nougar\u00e8des &#8220;An analytical Framework to Consider Social Justice Issues in Farmland Preservation on the Urban Fringe&#8221;, a re\u00e7u le &#8220;best paper award&#8221; lors de la conf\u00e9rence internationale <em>Global Rural Development and Land Capacity Building<\/em>\u00a0organis\u00e9e par la commission\u00a0<em>Agricultural Geography and Land Engineering de<\/em> l&#8217;Union G\u00e9ographique Internationale \u00e0 Yulin, en Chine du 26 au 29 ao\u00fbt 2017. Cet article a \u00e9t\u00e9 publi\u00e9 en 2020 dans la revue <em>Journal of Rural Studies <\/em>(DOI 10.1016\/j.jrurstud.2020.07.007)<\/p>\n<h2><img loading=\"lazy\" decoding=\"async\" class=\"aligncenter size-medium wp-image-95\" src=\"https:\/\/www1.montpellier.inra.fr\/wp-inra\/jasminn\/wp-content\/uploads\/sites\/6\/2016\/02\/cropped-Castries-peinture-300x78.jpg\" alt=\"cropped-Castries-peinture.jpg\" width=\"300\" height=\"78\" srcset=\"https:\/\/www1.montpellier.inra.fr\/wp-inra\/jasminn\/wp-content\/uploads\/sites\/6\/2016\/02\/cropped-Castries-peinture-300x78.jpg 300w, https:\/\/www1.montpellier.inra.fr\/wp-inra\/jasminn\/wp-content\/uploads\/sites\/6\/2016\/02\/cropped-Castries-peinture-768x200.jpg 768w, https:\/\/www1.montpellier.inra.fr\/wp-inra\/jasminn\/wp-content\/uploads\/sites\/6\/2016\/02\/cropped-Castries-peinture-1024x267.jpg 1024w, https:\/\/www1.montpellier.inra.fr\/wp-inra\/jasminn\/wp-content\/uploads\/sites\/6\/2016\/02\/cropped-Castries-peinture-624x162.jpg 624w, https:\/\/www1.montpellier.inra.fr\/wp-inra\/jasminn\/wp-content\/uploads\/sites\/6\/2016\/02\/cropped-Castries-peinture.jpg 1387w\" sizes=\"auto, (max-width: 300px) 100vw, 300px\" \/><\/h2>\n<h2><strong>C\u00f4t\u00e9 projets\u00a0<\/strong><\/h2>\n<p>Deux projets de recherche sont lanc\u00e9s suite aux travaux de JASMINN.<\/p>\n<p><strong>&#8220;Terres en Jeu&#8221; se d\u00e9veloppe!<\/strong>\u00a0Camille Cl\u00e9ment a obtenu un financement d&#8217;un an de la R\u00e9gion Occitanie pour le projet FONCIJEU (projet de pr\u00e9maturation d&#8217;une innovation). L&#8217;objectif est de d\u00e9velopper ce jeu de r\u00f4le permettant de mettre en sce\u0300ne et en de\u0301bat les tensions autour des strate\u0301gies foncie\u0300res dans le pe\u0301riurbain tant pour la formation (initiale et continue) que pour l&#8217;animation territoriale.<\/p>\n<p><strong>B\u00c2TIALIM est financ\u00e9!<\/strong>\u00a0Le projet\u00a0de recherche-action pilot\u00e9 par Brigitte Nougar\u00e8des a obtenu un financement de la Fondation de France\/Fondation Nina Carasso pour 3 ans (2018-2020). Il s&#8217;int\u00e9resse aux exp\u00e9rimentations pour une gestion durable du b\u00e2ti alimentaire. Cela permettra de prolonger les r\u00e9flexions engag\u00e9es dans JASMINN sur le b\u00e2ti agricole en s&#8217;int\u00e9ressent \u00e0 l&#8217;ensemble de la cha\u00eene alimentaire.<\/p>\n<p><img loading=\"lazy\" decoding=\"async\" class=\"aligncenter size-medium wp-image-95\" src=\"https:\/\/www1.montpellier.inra.fr\/wp-inra\/jasminn\/wp-content\/uploads\/sites\/6\/2016\/02\/cropped-Castries-peinture-300x78.jpg\" alt=\"cropped-Castries-peinture.jpg\" width=\"300\" height=\"78\" srcset=\"https:\/\/www1.montpellier.inra.fr\/wp-inra\/jasminn\/wp-content\/uploads\/sites\/6\/2016\/02\/cropped-Castries-peinture-300x78.jpg 300w, https:\/\/www1.montpellier.inra.fr\/wp-inra\/jasminn\/wp-content\/uploads\/sites\/6\/2016\/02\/cropped-Castries-peinture-768x200.jpg 768w, https:\/\/www1.montpellier.inra.fr\/wp-inra\/jasminn\/wp-content\/uploads\/sites\/6\/2016\/02\/cropped-Castries-peinture-1024x267.jpg 1024w, https:\/\/www1.montpellier.inra.fr\/wp-inra\/jasminn\/wp-content\/uploads\/sites\/6\/2016\/02\/cropped-Castries-peinture-624x162.jpg 624w, https:\/\/www1.montpellier.inra.fr\/wp-inra\/jasminn\/wp-content\/uploads\/sites\/6\/2016\/02\/cropped-Castries-peinture.jpg 1387w\" sizes=\"auto, (max-width: 300px) 100vw, 300px\" \/><\/p>\n","protected":false},"excerpt":{"rendered":"<p>C\u00f4t\u00e9 publications Le livre issu de JASMINN est paru ! Perrin C., Nougar\u00e8des B. 2020, Le foncier agricole dans une soci\u00e9t\u00e9 urbaine : innovations et enjeux de justice. Card\u00e8re, 360 p. Voici le flyer de pr\u00e9sentation. Vous pouvez avoir un aper\u00e7u plus complet du contenu sur le site de l&#8217;\u00e9diteur Card\u00e8re (et le commander !). [&hellip;]<\/p>\n","protected":false},"author":8,"featured_media":0,"parent":0,"menu_order":0,"comment_status":"closed","ping_status":"closed","template":"","meta":{"footnotes":""},"class_list":["post-208","page","type-page","status-publish","hentry"],"_links":{"self":[{"href":"https:\/\/www1.montpellier.inra.fr\/wp-inra\/jasminn\/wp-json\/wp\/v2\/pages\/208","targetHints":{"allow":["GET"]}}],"collection":[{"href":"https:\/\/www1.montpellier.inra.fr\/wp-inra\/jasminn\/wp-json\/wp\/v2\/pages"}],"about":[{"href":"https:\/\/www1.montpellier.inra.fr\/wp-inra\/jasminn\/wp-json\/wp\/v2\/types\/page"}],"author":[{"embeddable":true,"href":"https:\/\/www1.montpellier.inra.fr\/wp-inra\/jasminn\/wp-json\/wp\/v2\/users\/8"}],"replies":[{"embeddable":true,"href":"https:\/\/www1.montpellier.inra.fr\/wp-inra\/jasminn\/wp-json\/wp\/v2\/comments?post=208"}],"version-history":[{"count":24,"href":"https:\/\/www1.montpellier.inra.fr\/wp-inra\/jasminn\/wp-json\/wp\/v2\/pages\/208\/revisions"}],"predecessor-version":[{"id":414,"href":"https:\/\/www1.montpellier.inra.fr\/wp-inra\/jasminn\/wp-json\/wp\/v2\/pages\/208\/revisions\/414"}],"wp:attachment":[{"href":"https:\/\/www1.montpellier.inra.fr\/wp-inra\/jasminn\/wp-json\/wp\/v2\/media?parent=208"}],"curies":[{"name":"wp","href":"https:\/\/api.w.org\/{rel}","templated":true}]}}