{"id":165,"date":"2016-02-11T17:15:28","date_gmt":"2016-02-11T16:15:28","guid":{"rendered":"https:\/\/www1.montpellier.inra.fr\/wp-inra\/jasminn\/?page_id=165"},"modified":"2016-02-11T17:36:14","modified_gmt":"2016-02-11T16:36:14","slug":"offre-de-stage","status":"publish","type":"page","link":"https:\/\/www1.montpellier.inra.fr\/wp-inra\/jasminn\/offre-de-stage\/","title":{"rendered":"Offre de stage"},"content":{"rendered":"<p><strong>Offres de stages<\/strong><\/p>\n<p>Aucune offre de stage au sein du projet JASMINN n&#8217;est actuellement disponible.<\/p>\n<p>&nbsp;<\/p>\n<p><strong>Archives (ces offres de stages sont \u00e0 pr\u00e9sent pourvues)<\/strong><\/p>\n<p>Campagne 2016<\/p>\n<ul>\n<li>La gestion du b\u00e2ti agricole\u00a0p\u00e9riurbain, un enjeu territorial et alimentaire. Focus sur les contraintes et les innovations des exploitations mara\u00eech\u00e8res et des petits \u00e9levages p\u00e9riurbains en Languedoc-Roussillon \u2013 contact Brigitte Nougar\u00e8des (<a href=\"mailto:brigitte.nougaredes@supagro.inra.fr\" target=\"_blank\">brigitte.nougaredes@supagro.inra.fr<\/a> )<br \/>\nOffre de stage compl\u00e8te : <a href=\"https:\/\/www1.montpellier.inra.fr\/wp-inra\/jasminn\/wp-content\/uploads\/sites\/6\/2015\/11\/Offre-de-stage-Protection-des-espaces-agricoles-et-constructibilite\u0301-en-LR.pdf\" rel=\"\">Offre de stage Protection des espaces agricoles et constructibilite\u0301 en LR<\/a><\/li>\n<li>Protection des espaces agricoles et constructibilit\u00e9 dans la r\u00e9gion Languedoc-Roussillon \u2013 contact Brigitte Nougar\u00e8des (<a href=\"mailto:brigitte.nougaredes@supagro.inra.fr\" target=\"_blank\">brigitte.nougaredes@supagro.inra.fr<\/a> )<br \/>\nOffre de stage compl\u00e8te : <a href=\"https:\/\/www1.montpellier.inra.fr\/wp-inra\/jasminn\/wp-content\/uploads\/sites\/6\/2015\/11\/Offre-de-stage-constructibilite\u0301-des-exploitations-marai\u0302che\u0300res-et-de-petits-e\u0301levages-pe\u0301riurbain-en-LR.pdf\" rel=\"\">Offre de stage constructibilite\u0301 des exploitations marai\u0302che\u0300res et de petits e\u0301levages pe\u0301riurbain en LR<\/a><\/li>\n<li>Les associations de protection, de gestion et d\u2019animation du foncier agricole : quelle r\u00e9alit\u00e9 et quelles raisons d\u2019\u00eatre ? Inventaire en Languedoc-Roussillon \u2013 contact Camille Cl\u00e9ment (<a href=\"mailto:camille.clement@supagro.inra.fr\" target=\"_blank\">camille.clement@supagro.inra.fr<\/a> )<br \/>\nOffre de stage compl\u00e8te : <a href=\"https:\/\/www1.montpellier.inra.fr\/wp-inra\/jasminn\/wp-content\/uploads\/sites\/6\/2015\/11\/Offre-de-stage-associations-foncier-agricole-LR.pdf\" rel=\"\">Offre de stage associations foncier agricole LR<\/a><\/li>\n<\/ul>\n","protected":false},"excerpt":{"rendered":"<p>Offres de stages Aucune offre de stage au sein du projet JASMINN n&#8217;est actuellement disponible. &nbsp; Archives (ces offres de stages sont \u00e0 pr\u00e9sent pourvues) Campagne 2016 La gestion du b\u00e2ti agricole\u00a0p\u00e9riurbain, un enjeu territorial et alimentaire. Focus sur les contraintes et les innovations des exploitations mara\u00eech\u00e8res et des petits \u00e9levages p\u00e9riurbains en Languedoc-Roussillon \u2013 [&hellip;]<\/p>\n","protected":false},"author":8,"featured_media":0,"parent":0,"menu_order":0,"comment_status":"closed","ping_status":"closed","template":"","meta":{"footnotes":""},"class_list":["post-165","page","type-page","status-publish","hentry"],"_links":{"self":[{"href":"https:\/\/www1.montpellier.inra.fr\/wp-inra\/jasminn\/wp-json\/wp\/v2\/pages\/165","targetHints":{"allow":["GET"]}}],"collection":[{"href":"https:\/\/www1.montpellier.inra.fr\/wp-inra\/jasminn\/wp-json\/wp\/v2\/pages"}],"about":[{"href":"https:\/\/www1.montpellier.inra.fr\/wp-inra\/jasminn\/wp-json\/wp\/v2\/types\/page"}],"author":[{"embeddable":true,"href":"https:\/\/www1.montpellier.inra.fr\/wp-inra\/jasminn\/wp-json\/wp\/v2\/users\/8"}],"replies":[{"embeddable":true,"href":"https:\/\/www1.montpellier.inra.fr\/wp-inra\/jasminn\/wp-json\/wp\/v2\/comments?post=165"}],"version-history":[{"count":2,"href":"https:\/\/www1.montpellier.inra.fr\/wp-inra\/jasminn\/wp-json\/wp\/v2\/pages\/165\/revisions"}],"predecessor-version":[{"id":177,"href":"https:\/\/www1.montpellier.inra.fr\/wp-inra\/jasminn\/wp-json\/wp\/v2\/pages\/165\/revisions\/177"}],"wp:attachment":[{"href":"https:\/\/www1.montpellier.inra.fr\/wp-inra\/jasminn\/wp-json\/wp\/v2\/media?parent=165"}],"curies":[{"name":"wp","href":"https:\/\/api.w.org\/{rel}","templated":true}]}}